{"id":104,"date":"2020-11-12T09:20:43","date_gmt":"2020-11-12T09:20:43","guid":{"rendered":"https:\/\/factoriasdelconocimiento.aupex.org\/index.php\/one-page-express\/"},"modified":"2021-12-09T11:28:06","modified_gmt":"2021-12-09T11:28:06","slug":"one-page-express","status":"publish","type":"page","link":"https:\/\/factoriasdelconocimiento.aupex.org\/","title":{"rendered":""},"content":{"rendered":"<div id=\"pl-104\"  class=\"panel-layout\" ><div id=\"pg-104-0\"  class=\"panel-grid panel-has-style\" ><div class=\"siteorigin-panels-stretch panel-row-style panel-row-style-for-104-0\" id=\"inicio\" data-stretch-type=\"full-stretched\" ><div id=\"pgc-104-0-0\"  class=\"panel-grid-cell\" ><div id=\"panel-104-0-0-0\" class=\"so-panel widget widget_sow-image panel-first-child panel-last-child\" data-index=\"0\" ><div\n\t\t\t\n\t\t\tclass=\"so-widget-sow-image so-widget-sow-image-default-dbf295114b96-104\"\n\t\t\t\n\t\t>\n<div class=\"sow-image-container\">\n\t\t<img \n\tsrc=\"https:\/\/factoriasdelconocimiento.aupex.org\/wp-content\/uploads\/2020\/11\/FC_Slider.png\" width=\"2611\" height=\"649\" srcset=\"https:\/\/factoriasdelconocimiento.aupex.org\/wp-content\/uploads\/2020\/11\/FC_Slider.png 2611w, https:\/\/factoriasdelconocimiento.aupex.org\/wp-content\/uploads\/2020\/11\/FC_Slider-300x75.png 300w, https:\/\/factoriasdelconocimiento.aupex.org\/wp-content\/uploads\/2020\/11\/FC_Slider-1024x255.png 1024w, https:\/\/factoriasdelconocimiento.aupex.org\/wp-content\/uploads\/2020\/11\/FC_Slider-768x191.png 768w, https:\/\/factoriasdelconocimiento.aupex.org\/wp-content\/uploads\/2020\/11\/FC_Slider-1536x382.png 1536w, https:\/\/factoriasdelconocimiento.aupex.org\/wp-content\/uploads\/2020\/11\/FC_Slider-2048x509.png 2048w\" sizes=\"(max-width: 2611px) 100vw, 2611px\" alt=\"\" \t\tclass=\"so-widget-image\"\/>\n\t<\/div>\n\n<\/div><\/div><\/div><\/div><\/div><div id=\"pg-104-1\"  class=\"panel-grid panel-has-style\" ><div class=\"siteorigin-panels-stretch panel-row-style panel-row-style-for-104-1\" id=\"inicio\" data-stretch-type=\"full-stretched\" ><div id=\"pgc-104-1-0\"  class=\"panel-grid-cell\" ><div id=\"panel-104-1-0-0\" class=\"so-panel widget widget_sow-editor panel-first-child panel-last-child\" data-index=\"1\" ><div\n\t\t\t\n\t\t\tclass=\"so-widget-sow-editor so-widget-sow-editor-base\"\n\t\t\t\n\t\t>\n<div class=\"siteorigin-widget-tinymce textwidget\">\n\t<div class=\"epyt-video-wrapper\"><iframe loading=\"lazy\"  style=\"display: block; margin: 0px auto;\"  id=\"_ytid_39327\"  width=\"750\" height=\"422\"  data-origwidth=\"750\" data-origheight=\"422\"  data-relstop=\"1\" src=\"https:\/\/www.youtube.com\/embed\/gVQ_A4Bn9yc?enablejsapi=1&controls=0&autoplay=1&cc_load_policy=0&cc_lang_pref=&iv_load_policy=3&loop=0&rel=0&fs=0&playsinline=1&autohide=2&theme=dark&color=white&disablekb=0&\" class=\"__youtube_prefs__  no-lazyload\" title=\"YouTube player\"  allow=\"fullscreen; accelerometer; autoplay; clipboard-write; encrypted-media; gyroscope; picture-in-picture; web-share\" referrerpolicy=\"strict-origin-when-cross-origin\" allowfullscreen data-no-lazy=\"1\" data-skipgform_ajax_framebjll=\"\"><\/iframe><\/div><\/div>\n<\/div><\/div><\/div><\/div><\/div><div id=\"pg-104-2\"  class=\"panel-grid panel-has-style\" ><div id=\"conoce\" class=\"panel-row-style panel-row-style-for-104-2\" ><div id=\"pgc-104-2-0\"  class=\"panel-grid-cell\" ><div id=\"panel-104-2-0-0\" class=\"so-panel widget widget_sow-editor panel-first-child panel-last-child\" data-index=\"2\" ><div\n\t\t\t\n\t\t\tclass=\"so-widget-sow-editor so-widget-sow-editor-base\"\n\t\t\t\n\t\t>\n<div class=\"siteorigin-widget-tinymce textwidget\">\n\t<h1 style=\"text-align: center;\">Conoce las Factor\u00edas del Conocimiento<\/h1>\n<div class=\"page\" title=\"Page 7\">\n<div class=\"layoutArea\">\n<div class=\"column\">\n<p style=\"text-align: center;\"><span>Las Factori\u0301as del Conocimiento son un espacio para la invencio\u0301n y la construccio\u0301n del futuro. Igual que la economi\u0301a, el empleo y la riqueza de la Era industrial se produci\u0301a en las fa\u0301bricas, las nuevas formas de elaborar bienes y generar valor esta\u0301n au\u0301n en fase embrionaria. La materia prima de la nueva economi\u0301a es el conocimiento y el principal activo, el talento de las personas. <\/span><\/p>\n<\/div>\n<\/div>\n<\/div>\n<\/div>\n<\/div><\/div><\/div><\/div><\/div><div id=\"pg-104-3\"  class=\"panel-grid panel-no-style\" ><div id=\"pgc-104-3-0\"  class=\"panel-grid-cell\" ><div id=\"panel-104-3-0-0\" class=\"so-panel widget widget_sow-image panel-first-child panel-last-child\" data-index=\"3\" ><div\n\t\t\t\n\t\t\tclass=\"so-widget-sow-image so-widget-sow-image-default-c67d20f9f743-104\"\n\t\t\t\n\t\t>\n<div class=\"sow-image-container\">\n\t\t\t<a href=\"https:\/\/www.aupex.org\/descargas\/factoriasdelconocimiento\/libro-factoria-conocimiento.pdf\"\n\t\t\ttarget=\"_blank\" rel=\"noopener noreferrer\" \t\t>\n\t\t\t<img \n\tsrc=\"https:\/\/factoriasdelconocimiento.aupex.org\/wp-content\/uploads\/2020\/11\/guia1.png\" width=\"1180\" height=\"1674\" srcset=\"https:\/\/factoriasdelconocimiento.aupex.org\/wp-content\/uploads\/2020\/11\/guia1.png 1180w, https:\/\/factoriasdelconocimiento.aupex.org\/wp-content\/uploads\/2020\/11\/guia1-211x300.png 211w, https:\/\/factoriasdelconocimiento.aupex.org\/wp-content\/uploads\/2020\/11\/guia1-722x1024.png 722w, https:\/\/factoriasdelconocimiento.aupex.org\/wp-content\/uploads\/2020\/11\/guia1-768x1090.png 768w, https:\/\/factoriasdelconocimiento.aupex.org\/wp-content\/uploads\/2020\/11\/guia1-1083x1536.png 1083w\" sizes=\"(max-width: 1180px) 100vw, 1180px\" title=\"Factor\u00edas del Conocimiento\" alt=\"\" \t\tclass=\"so-widget-image\"\/>\n\t\t\t<\/a><\/div>\n\n<\/div><\/div><\/div><div id=\"pgc-104-3-1\"  class=\"panel-grid-cell\" ><div id=\"panel-104-3-1-0\" class=\"so-panel widget widget_sow-image panel-first-child panel-last-child\" data-index=\"4\" ><div\n\t\t\t\n\t\t\tclass=\"so-widget-sow-image so-widget-sow-image-default-c67d20f9f743-104\"\n\t\t\t\n\t\t>\n<div class=\"sow-image-container\">\n\t\t\t<a href=\"https:\/\/www.aupex.org\/descargas\/factoriasdelconocimiento\/dossier-factorias-2018.pdf\"\n\t\t\ttarget=\"_blank\" rel=\"noopener noreferrer\" \t\t>\n\t\t\t<img \n\tsrc=\"https:\/\/factoriasdelconocimiento.aupex.org\/wp-content\/uploads\/2020\/11\/catalogo.png\" width=\"1568\" height=\"1734\" srcset=\"https:\/\/factoriasdelconocimiento.aupex.org\/wp-content\/uploads\/2020\/11\/catalogo.png 1568w, https:\/\/factoriasdelconocimiento.aupex.org\/wp-content\/uploads\/2020\/11\/catalogo-271x300.png 271w, https:\/\/factoriasdelconocimiento.aupex.org\/wp-content\/uploads\/2020\/11\/catalogo-926x1024.png 926w, https:\/\/factoriasdelconocimiento.aupex.org\/wp-content\/uploads\/2020\/11\/catalogo-768x849.png 768w, https:\/\/factoriasdelconocimiento.aupex.org\/wp-content\/uploads\/2020\/11\/catalogo-1389x1536.png 1389w\" sizes=\"(max-width: 1568px) 100vw, 1568px\" title=\"Cat\u00e1logo Factor\u00edas del Conocimiento\" alt=\"\" \t\tclass=\"so-widget-image\"\/>\n\t\t\t<\/a><\/div>\n\n<\/div><\/div><\/div><div id=\"pgc-104-3-2\"  class=\"panel-grid-cell\" ><div id=\"panel-104-3-2-0\" class=\"so-panel widget widget_sow-editor panel-first-child panel-last-child\" data-index=\"5\" ><div\n\t\t\t\n\t\t\tclass=\"so-widget-sow-editor so-widget-sow-editor-base\"\n\t\t\t\n\t\t>\n<div class=\"siteorigin-widget-tinymce textwidget\">\n\t<h3><strong>+Info<\/strong><\/h3>\n<hr \/>\n<ul>\n<li><a href=\"http:\/\/juancarloscasco.emprendedorex.com\/las-factorias-del-conocimiento-un-nuevo-modelo-para-el-desarrollo-de-los-pueblos\/\">Las Factor\u00edas del Conocimiento. Un nuevo modelo para el desarrollo de los pueblos.<\/a><\/li>\n<\/ul>\n<hr \/>\n<ul>\n<li><a href=\"http:\/\/juancarloscasco.emprendedorex.com\/15-claves-para-poner-en-marcha-una-factoria-del-conocimiento-y-aplicar-la-innovacion-a-las-politicas-publicas-de-educacion-emprendimiento-y-empleo\">15 claves para poner en marcha una Factor\u00eda del Conocimiento y aplicar la innovaci\u00f3n a las pol\u00edticas p\u00fablicas de educaci\u00f3n, emprendimiento y empleo.<\/a><\/li>\n<\/ul>\n<hr \/>\n<ul>\n<li><a href=\"https:\/\/cluster-nicaragua.net\/media\/publicaciones\/archivos\/modelo_fc.pdf\">Modelo Cluster en Nicaragua<\/a><\/li>\n<\/ul>\n<hr \/>\n<p>&nbsp;<\/p>\n<\/div>\n<\/div><\/div><\/div><\/div><div id=\"pg-104-4\"  class=\"panel-grid panel-has-style\" ><div class=\"siteorigin-panels-stretch panel-row-style panel-row-style-for-104-4\" data-stretch-type=\"full\" ><div id=\"pgc-104-4-0\"  class=\"panel-grid-cell\" ><div id=\"panel-104-4-0-0\" class=\"so-panel widget widget_sow-editor panel-first-child panel-last-child\" data-index=\"6\" ><div id=\"choco\" class=\"panel-widget-style panel-widget-style-for-104-4-0-0\" ><div\n\t\t\t\n\t\t\tclass=\"so-widget-sow-editor so-widget-sow-editor-base\"\n\t\t\t\n\t\t>\n<div class=\"siteorigin-widget-tinymce textwidget\">\n\t<h3 style=\"text-align: center;\">Factor\u00edas del Conocimiento para el Desarrollo<br \/>\nSostenible en el Choco Andino<\/h3>\n<div class=\"page\" title=\"Page 7\">\n<div class=\"layoutArea\">\n<div class=\"column\">\n<p style=\"text-align: center;\"><a href=\"https:\/\/factoriaconocimientoecuador.aupex.org\/web\/\"><img loading=\"lazy\" decoding=\"async\" src=\"https:\/\/factoriaconocimientoecuador.aupex.org\/web\/wp-content\/uploads\/2020\/02\/logo-factorias-ecuador.png\" width=\"499\" height=\"204\" class=\"aligncenter \" \/><\/a><\/p>\n<\/div>\n<\/div>\n<\/div>\n<\/div>\n<\/div><\/div><\/div><\/div><\/div><\/div><div id=\"pg-104-5\"  class=\"panel-grid panel-has-style\" ><div class=\"siteorigin-panels-stretch panel-row-style panel-row-style-for-104-5\" id=\"2030\" data-stretch-type=\"full\" ><div id=\"pgc-104-5-0\"  class=\"panel-grid-cell\" ><div id=\"panel-104-5-0-0\" class=\"so-panel widget widget_sow-editor panel-first-child panel-last-child\" data-index=\"7\" ><div\n\t\t\t\n\t\t\tclass=\"so-widget-sow-editor so-widget-sow-editor-base\"\n\t\t\t\n\t\t>\n<div class=\"siteorigin-widget-tinymce textwidget\">\n\t<h3 style=\"text-align: center;\">Factor\u00eda del Conocimiento 2030<\/h3>\n<div class=\"page\" title=\"Page 7\">\n<div class=\"layoutArea\">\n<div class=\"column\">\n<p style=\"text-align: center;\"><a href=\"https:\/\/factoria2030.asdenic.org\"><img loading=\"lazy\" decoding=\"async\" src=\"https:\/\/factoria2030.asdenic.org\/wp-content\/uploads\/2019\/08\/cropped-logo1.png\" width=\"300\" height=\"65\" class=\"aligncenter size-medium\" \/><\/a><\/p>\n<p>&nbsp;<\/p>\n<\/div>\n<\/div>\n<\/div>\n<\/div>\n<\/div><\/div><\/div><\/div><\/div><div id=\"pg-104-6\"  class=\"panel-grid panel-has-style\" ><div class=\"siteorigin-panels-stretch panel-row-style panel-row-style-for-104-6\" id=\"2030\" data-stretch-type=\"full\" ><div id=\"pgc-104-6-0\"  class=\"panel-grid-cell\" ><div id=\"panel-104-6-0-0\" class=\"so-panel widget widget_sow-editor panel-first-child panel-last-child\" data-index=\"8\" ><div\n\t\t\t\n\t\t\tclass=\"so-widget-sow-editor so-widget-sow-editor-base\"\n\t\t\t\n\t\t>\n<div class=\"siteorigin-widget-tinymce textwidget\">\n\t<h3 style=\"text-align: center;\">Factor\u00eda del Conocimiento Universitaria<\/h3>\n<div class=\"page\" title=\"Page 7\">\n<div class=\"layoutArea\">\n<div class=\"column\" style=\"text-align: center;\"><a href=\"https:\/\/factoriadelconocimientouniversitaria.aupex.org\"><img loading=\"lazy\" decoding=\"async\" src=\"https:\/\/factoriasdelconocimiento.aupex.org\/wp-content\/uploads\/2021\/12\/imagen-factoria-24-1.png\" alt=\"\" width=\"213\" height=\"261\" class=\"aligncenter  wp-image-190\" srcset=\"https:\/\/factoriasdelconocimiento.aupex.org\/wp-content\/uploads\/2021\/12\/imagen-factoria-24-1.png 480w, https:\/\/factoriasdelconocimiento.aupex.org\/wp-content\/uploads\/2021\/12\/imagen-factoria-24-1-245x300.png 245w\" sizes=\"auto, (max-width: 213px) 100vw, 213px\" \/><\/a><\/div>\n<div><\/div>\n<\/div>\n<\/div>\n<\/div>\n<\/div><\/div><\/div><\/div><\/div><div id=\"pg-104-7\"  class=\"panel-grid panel-has-style\" ><div id=\"historico\" class=\"panel-row-style panel-row-style-for-104-7\" ><div id=\"pgc-104-7-0\"  class=\"panel-grid-cell\" ><div id=\"panel-104-7-0-0\" class=\"so-panel widget widget_sow-editor panel-first-child panel-last-child\" data-index=\"9\" ><div\n\t\t\t\n\t\t\tclass=\"so-widget-sow-editor so-widget-sow-editor-base\"\n\t\t\t\n\t\t>\n<div class=\"siteorigin-widget-tinymce textwidget\">\n\t<h3 style=\"text-align: center;\">Hist\u00f3rico de las Factor\u00edas del Conocimiento<\/h3>\n<\/div>\n<\/div><\/div><\/div><\/div><\/div><div id=\"pg-104-8\"  class=\"panel-grid panel-has-style\" ><div class=\"panel-row-style panel-row-style-for-104-8\" ><div id=\"pgc-104-8-0\"  class=\"panel-grid-cell\" ><div id=\"panel-104-8-0-0\" class=\"so-panel widget widget_sow-image panel-first-child panel-last-child\" data-index=\"10\" ><div\n\t\t\t\n\t\t\tclass=\"so-widget-sow-image so-widget-sow-image-default-8b5b6f678277-104\"\n\t\t\t\n\t\t>\n<div class=\"sow-image-container\">\n\t\t\t<a href=\"http:\/\/factoriadelconocimiento2018.asdenic.org\/\"\n\t\t\ttarget=\"_blank\" rel=\"noopener noreferrer\" \t\t>\n\t\t\t<img \n\tsrc=\"https:\/\/www.asdenic.org\/wp-content\/uploads\/2020\/06\/logo.png\" alt=\"\" \t\tclass=\"so-widget-image\"\/>\n\t\t\t<\/a><\/div>\n\n<\/div><\/div><\/div><div id=\"pgc-104-8-1\"  class=\"panel-grid-cell\" ><div id=\"panel-104-8-1-0\" class=\"so-panel widget widget_sow-image panel-first-child panel-last-child\" data-index=\"11\" ><div\n\t\t\t\n\t\t\tclass=\"so-widget-sow-image so-widget-sow-image-default-8b5b6f678277-104\"\n\t\t\t\n\t\t>\n<div class=\"sow-image-container\">\n\t\t\t<a href=\"http:\/\/guiadelaciencia.asdenic.org\/\"\n\t\t\ttarget=\"_blank\" rel=\"noopener noreferrer\" \t\t>\n\t\t\t<img \n\tsrc=\"https:\/\/factoriasdelconocimiento.aupex.org\/wp-content\/uploads\/2020\/11\/ciencia.png\" width=\"2034\" height=\"1562\" srcset=\"https:\/\/factoriasdelconocimiento.aupex.org\/wp-content\/uploads\/2020\/11\/ciencia.png 2034w, https:\/\/factoriasdelconocimiento.aupex.org\/wp-content\/uploads\/2020\/11\/ciencia-300x230.png 300w, https:\/\/factoriasdelconocimiento.aupex.org\/wp-content\/uploads\/2020\/11\/ciencia-1024x786.png 1024w, https:\/\/factoriasdelconocimiento.aupex.org\/wp-content\/uploads\/2020\/11\/ciencia-768x590.png 768w, https:\/\/factoriasdelconocimiento.aupex.org\/wp-content\/uploads\/2020\/11\/ciencia-1536x1180.png 1536w\" sizes=\"(max-width: 2034px) 100vw, 2034px\" alt=\"\" \t\tclass=\"so-widget-image\"\/>\n\t\t\t<\/a><\/div>\n\n<\/div><\/div><\/div><div id=\"pgc-104-8-2\"  class=\"panel-grid-cell\" ><div id=\"panel-104-8-2-0\" class=\"so-panel widget widget_sow-image panel-first-child panel-last-child\" data-index=\"12\" ><div\n\t\t\t\n\t\t\tclass=\"so-widget-sow-image so-widget-sow-image-default-8b5b6f678277-104\"\n\t\t\t\n\t\t>\n<div class=\"sow-image-container\">\n\t\t\t<a href=\"http:\/\/ibercotec2010.asdenic.org\/\"\n\t\t\ttarget=\"_blank\" rel=\"noopener noreferrer\" \t\t>\n\t\t\t<img \n\tsrc=\"http:\/\/ibercotec2010.asdenic.org\/maquetaweb.jpg\" alt=\"\" \t\tclass=\"so-widget-image\"\/>\n\t\t\t<\/a><\/div>\n\n<\/div><\/div><\/div><div id=\"pgc-104-8-3\"  class=\"panel-grid-cell\" ><div id=\"panel-104-8-3-0\" class=\"so-panel widget widget_sow-image panel-first-child panel-last-child\" data-index=\"13\" ><div\n\t\t\t\n\t\t\tclass=\"so-widget-sow-image so-widget-sow-image-default-8b5b6f678277-104\"\n\t\t\t\n\t\t>\n<div class=\"sow-image-container\">\n\t\t\t<a href=\"http:\/\/ibercotec2011.asdenic.org\/\"\n\t\t\ttarget=\"_blank\" rel=\"noopener noreferrer\" \t\t>\n\t\t\t<img \n\tsrc=\"https:\/\/factoriasdelconocimiento.aupex.org\/wp-content\/uploads\/2020\/11\/2011.png\" width=\"1528\" height=\"1094\" srcset=\"https:\/\/factoriasdelconocimiento.aupex.org\/wp-content\/uploads\/2020\/11\/2011.png 1528w, https:\/\/factoriasdelconocimiento.aupex.org\/wp-content\/uploads\/2020\/11\/2011-300x215.png 300w, https:\/\/factoriasdelconocimiento.aupex.org\/wp-content\/uploads\/2020\/11\/2011-1024x733.png 1024w, https:\/\/factoriasdelconocimiento.aupex.org\/wp-content\/uploads\/2020\/11\/2011-768x550.png 768w\" sizes=\"(max-width: 1528px) 100vw, 1528px\" alt=\"\" \t\tclass=\"so-widget-image\"\/>\n\t\t\t<\/a><\/div>\n\n<\/div><\/div><\/div><\/div><\/div><\/div>","protected":false},"excerpt":{"rendered":"<p>Conoce las Factor\u00edas del Conocimiento Las Factori\u0301as del Conocimiento son un espacio para la invencio\u0301n y la construccio\u0301n del futuro. Igual que la economi\u0301a, el empleo y la riqueza de la Era industrial se produci\u0301a en las fa\u0301bricas, las nuevas formas de elaborar bienes y generar valor esta\u0301n au\u0301n en [&hellip;]<\/p>\n","protected":false},"author":2,"featured_media":0,"parent":0,"menu_order":0,"comment_status":"closed","ping_status":"closed","template":"","meta":{"footnotes":""},"class_list":["post-104","page","type-page","status-publish","hentry"],"jetpack_sharing_enabled":true,"_links":{"self":[{"href":"https:\/\/factoriasdelconocimiento.aupex.org\/index.php\/wp-json\/wp\/v2\/pages\/104","targetHints":{"allow":["GET"]}}],"collection":[{"href":"https:\/\/factoriasdelconocimiento.aupex.org\/index.php\/wp-json\/wp\/v2\/pages"}],"about":[{"href":"https:\/\/factoriasdelconocimiento.aupex.org\/index.php\/wp-json\/wp\/v2\/types\/page"}],"author":[{"embeddable":true,"href":"https:\/\/factoriasdelconocimiento.aupex.org\/index.php\/wp-json\/wp\/v2\/users\/2"}],"replies":[{"embeddable":true,"href":"https:\/\/factoriasdelconocimiento.aupex.org\/index.php\/wp-json\/wp\/v2\/comments?post=104"}],"version-history":[{"count":52,"href":"https:\/\/factoriasdelconocimiento.aupex.org\/index.php\/wp-json\/wp\/v2\/pages\/104\/revisions"}],"predecessor-version":[{"id":192,"href":"https:\/\/factoriasdelconocimiento.aupex.org\/index.php\/wp-json\/wp\/v2\/pages\/104\/revisions\/192"}],"wp:attachment":[{"href":"https:\/\/factoriasdelconocimiento.aupex.org\/index.php\/wp-json\/wp\/v2\/media?parent=104"}],"curies":[{"name":"wp","href":"https:\/\/api.w.org\/{rel}","templated":true}]}}